{"id":39486,"date":"2026-03-10T09:28:16","date_gmt":"2026-03-10T09:28:16","guid":{"rendered":"https:\/\/ainbas.com\/?page_id=39486"},"modified":"2026-03-10T09:32:59","modified_gmt":"2026-03-10T09:32:59","slug":"politica-de-cookies","status":"publish","type":"page","link":"https:\/\/ainbas.com\/?page_id=39486","title":{"rendered":"Pol\u00edtica de cookies"},"content":{"rendered":"\t\t<div data-elementor-type=\"wp-page\" data-elementor-id=\"39486\" class=\"elementor elementor-39486\">\n\t\t\t\t<div class=\"elementor-element elementor-element-aa0bdbc e-flex e-con-boxed nextsaas-filter-effect-no nextsaas-custom-background-no nextsaas-sticky-no e-con e-parent\" data-id=\"aa0bdbc\" data-element_type=\"container\" data-e-type=\"container\">\n\t\t\t\t\t<div class=\"e-con-inner\">\n\t\t\t\t<div class=\"elementor-element elementor-element-bc71592 nextsaas-filter-effect-no elementor-widget elementor-widget-html\" data-id=\"bc71592\" data-element_type=\"widget\" data-e-type=\"widget\" data-widget_type=\"html.default\">\n\t\t\t\t\t<h5 style=\"margin-top:40px;font-weight:bold;\">Pol\u00edtica de Cookies<\/h5>\r\n\r\n<p>En cumplimiento de la Ley 34\/2002 de Servicios de la Sociedad de la Informaci\u00f3n y del Comercio Electr\u00f3nico (LSSICE), se informa de los siguientes aspectos legales de la Web:<\/p>\r\n\r\n<ul>\r\n<li><strong>Web:<\/strong> https:\/\/implest.com\/<\/li>\r\n<li><strong>Titular:<\/strong> Komaneca, SL<\/li>\r\n<li><strong>Domicilio:<\/strong> C\/Balmes 191, 6\u00ba 1\u00ba, 08006 Barcelona<\/li>\r\n<li><strong>C.I.F.:<\/strong> B21790761<\/li>\r\n<li><strong>Correo electr\u00f3nico:<\/strong> <a href=\"mailto:dpd@komaneca.com\">dpd@komaneca.com<\/a><\/li>\r\n<\/ul>\r\n\r\n<p>Komaneca, SL puede recopilar informaci\u00f3n sobre los h\u00e1bitos de b\u00fasqueda de los usuarios del sitio web por medio de cookies o archivos de registro. No se utilizar\u00e1n las cookies para recoger informaci\u00f3n de car\u00e1cter personal. Solamente se instalar\u00e1n si el Usuario permanece y contin\u00faa navegando en nuestra p\u00e1gina web, entendiendo que consiente su uso e instalaci\u00f3n.<\/p>\r\n\r\n<h5 style=\"margin-top:40px;font-weight:bold;\">1) \u00bfQU\u00c9 SON LAS COOKIES?<\/h5>\r\n<p>Las cookies son peque\u00f1os archivos de texto generados por las p\u00e1ginas web que el Usuario visita, las cuales contienen los datos de sesi\u00f3n que pueden ser de utilidad m\u00e1s adelante en la p\u00e1gina web.<\/p>\r\n\r\n<p>Las cookies son seguras ya que s\u00f3lo pueden almacenar la informaci\u00f3n que se puso en su lugar por el navegador. No pueden ejecutar c\u00f3digo ni acceder al equipo del Usuario. Las cookies permiten mejorar la navegaci\u00f3n, la usabilidad y el correcto funcionamiento del sitio web.<\/p>\r\n\r\n<h5 style=\"margin-top:40px;font-weight:bold;\">2) \u00bfQU\u00c9 SON LOS SCRIPTS?<\/h5>\r\n<p>Un script es un fragmento de c\u00f3digo de programa que se utiliza para hacer que nuestra web funcione correctamente y de forma interactiva. Este c\u00f3digo se ejecuta en nuestro servidor o en su dispositivo.<\/p>\r\n\r\n<h5 style=\"margin-top:40px;font-weight:bold;\">3) TIPOS DE COOKIES<\/h5>\r\n\r\n<p><strong>Seg\u00fan titularidad<\/strong><\/p>\r\n<ul>\r\n<li>Cookies propias: gestionadas por el propio editor.<\/li>\r\n<li>Cookies de terceros: gestionadas por entidades externas.<\/li>\r\n<\/ul>\r\n\r\n<p><strong>Seg\u00fan su finalidad<\/strong><\/p>\r\n<ul>\r\n<li>Cookies t\u00e9cnicas: necesarias para el funcionamiento del sitio.<\/li>\r\n<li>Cookies de preferencias: recuerdan informaci\u00f3n de personalizaci\u00f3n.<\/li>\r\n<li>Cookies anal\u00edticas: permiten analizar el comportamiento del usuario.<\/li>\r\n<li>Cookies de publicidad comportamental: muestran anuncios personalizados.<\/li>\r\n<\/ul>\r\n\r\n<p><strong>Seg\u00fan plazo<\/strong><\/p>\r\n<ul>\r\n<li>Cookies de sesi\u00f3n: se eliminan al cerrar el navegador.<\/li>\r\n<li>Cookies persistentes: permanecen durante un periodo definido.<\/li>\r\n<\/ul>\r\n\r\n<p><strong>Cookies de terceros<\/strong><\/p>\r\n<p>Son cookies utilizadas por entidades externas como Google para estad\u00edsticas y publicidad.<\/p>\r\n\r\n<p><strong>Cookies de redes sociales<\/strong><\/p>\r\n<ul>\r\n<li>Instagram<\/li>\r\n<li>LinkedIn<\/li>\r\n<li>Facebook<\/li>\r\n<\/ul>\r\n\r\n<h5 style=\"margin-top:40px;font-weight:bold;\">4) RESPONSABLE DEL TRATAMIENTO<\/h5>\r\n<p>Komaneca, SL<\/p>\r\n\r\n<h5 style=\"margin-top:40px;font-weight:bold;\">5) LEGITIMACI\u00d3N PARA EL USO DE COOKIES<\/h5>\r\n<p>La base legal para las cookies t\u00e9cnicas es el uso del sitio web. Para el resto de cookies, la base legal es el consentimiento del usuario.<\/p>\r\n\r\n<h5 style=\"margin-top:40px;font-weight:bold;\">6) CONSENTIMIENTO<\/h5>\r\n<p>El usuario deber\u00e1 aceptar de forma expresa el uso de cookies.<\/p>\r\n\r\n<h5 style=\"margin-top:40px;font-weight:bold;\">7) RETIRADA DEL CONSENTIMIENTO<\/h5>\r\n<p>El usuario puede retirar su consentimiento eliminando las cookies desde su navegador.<\/p>\r\n\r\n<h5 style=\"margin-top:40px;font-weight:bold;\">8) DERECHOS DEL INTERESADO<\/h5>\r\n<p>Puede presentar una reclamaci\u00f3n ante la Agencia Espa\u00f1ola de Protecci\u00f3n de Datos: \r\n<a href=\"https:\/\/www.aepd.es\" target=\"_blank\">www.aepd.es<\/a><\/p>\r\n\r\n<h5 style=\"margin-top:40px;font-weight:bold;\">9) GESTI\u00d3N DE COOKIES<\/h5>\r\n<ul>\r\n<li>Chrome<\/li>\r\n<li>Firefox<\/li>\r\n<li>Safari<\/li>\r\n<li>Opera<\/li>\r\n<\/ul>\r\n\r\n<h5 style=\"margin-top:40px;font-weight:bold;\">10) ACTUALIZACI\u00d3N DE LA POL\u00cdTICA DE COOKIES<\/h5>\r\n<p>Esta pol\u00edtica puede actualizarse.<\/p>\r\n\r\n<p><strong>\u00daltima revisi\u00f3n:<\/strong> 15\/07\/25<\/p>\t\t\t\t<\/div>\n\t\t\t\t\t<\/div>\n\t\t\t\t<\/div>\n\t\t\t\t<\/div>\n\t\t","protected":false},"excerpt":{"rendered":"<p>Pol\u00edtica de Cookies En cumplimiento de la Ley 34\/2002 de Servicios de la Sociedad de la Informaci\u00f3n y del Comercio Electr\u00f3nico (LSSICE), se informa de los siguientes aspectos legales de la Web: Web: https:\/\/implest.com\/ Titular: Komaneca, SL Domicilio: C\/Balmes 191, 6\u00ba 1\u00ba, 08006 Barcelona C.I.F.: B21790761 Correo electr\u00f3nico: dpd@komaneca.com Komaneca, SL puede recopilar informaci\u00f3n sobre [&hellip;]<\/p>\n","protected":false},"author":1,"featured_media":0,"parent":0,"menu_order":0,"comment_status":"closed","ping_status":"closed","template":"","meta":{"footnotes":""},"class_list":["post-39486","page","type-page","status-publish","hentry"],"_links":{"self":[{"href":"https:\/\/ainbas.com\/index.php?rest_route=\/wp\/v2\/pages\/39486","targetHints":{"allow":["GET"]}}],"collection":[{"href":"https:\/\/ainbas.com\/index.php?rest_route=\/wp\/v2\/pages"}],"about":[{"href":"https:\/\/ainbas.com\/index.php?rest_route=\/wp\/v2\/types\/page"}],"author":[{"embeddable":true,"href":"https:\/\/ainbas.com\/index.php?rest_route=\/wp\/v2\/users\/1"}],"replies":[{"embeddable":true,"href":"https:\/\/ainbas.com\/index.php?rest_route=%2Fwp%2Fv2%2Fcomments&post=39486"}],"version-history":[{"count":7,"href":"https:\/\/ainbas.com\/index.php?rest_route=\/wp\/v2\/pages\/39486\/revisions"}],"predecessor-version":[{"id":39494,"href":"https:\/\/ainbas.com\/index.php?rest_route=\/wp\/v2\/pages\/39486\/revisions\/39494"}],"wp:attachment":[{"href":"https:\/\/ainbas.com\/index.php?rest_route=%2Fwp%2Fv2%2Fmedia&parent=39486"}],"curies":[{"name":"wp","href":"https:\/\/api.w.org\/{rel}","templated":true}]}}