{"id":39503,"date":"2026-03-10T09:35:23","date_gmt":"2026-03-10T09:35:23","guid":{"rendered":"https:\/\/ainbas.com\/?page_id=39503"},"modified":"2026-03-10T09:35:51","modified_gmt":"2026-03-10T09:35:51","slug":"aviso-legal","status":"publish","type":"page","link":"https:\/\/ainbas.com\/?page_id=39503","title":{"rendered":"Aviso Legal"},"content":{"rendered":"\t\t<div data-elementor-type=\"wp-page\" data-elementor-id=\"39503\" class=\"elementor elementor-39503\">\n\t\t\t\t<div class=\"elementor-element elementor-element-a491cf3 e-flex e-con-boxed nextsaas-filter-effect-no nextsaas-custom-background-no nextsaas-sticky-no e-con e-parent\" data-id=\"a491cf3\" data-element_type=\"container\" data-e-type=\"container\">\n\t\t\t\t\t<div class=\"e-con-inner\">\n\t\t\t\t<div class=\"elementor-element elementor-element-9641191 nextsaas-filter-effect-no elementor-widget elementor-widget-html\" data-id=\"9641191\" data-element_type=\"widget\" data-e-type=\"widget\" data-widget_type=\"html.default\">\n\t\t\t\t\t<h5 style=\"margin-top:40px;font-weight:bold;\">Aviso Legal<\/h5>\r\n\r\n<p>En cumplimiento del art\u00edculo 10 de la Ley 34\/2002, de 11 de julio, de Servicios de la Sociedad de la Informaci\u00f3n y Comercio Electr\u00f3nico, se exponen los datos identificativos del Titular:<\/p>\r\n\r\n<ul>\r\n<li><strong>Web:<\/strong> https:\/\/komaneca.com\/<\/li>\r\n<li><strong>Titular:<\/strong> Komaneca, SL<\/li>\r\n<li><strong>Domicilio:<\/strong> C\/Balmes 191, 6\u00ba 1\u00ba, 08006 Barcelona<\/li>\r\n<li><strong>C.I.F.:<\/strong> B21790761<\/li>\r\n<li><strong>Correo electr\u00f3nico:<\/strong> <a href=\"mailto:dpd@komaneca.com\">dpd@komaneca.com<\/a><\/li>\r\n<\/ul>\r\n\r\n<p>This page explains how NextSaaS implements GDPR principles and ensures that your data is handled transparently, securely, and respectfully.<\/p>\r\n\r\n<h5 style=\"margin-top:40px;font-weight:bold;\">2) T\u00c9RMINOS Y CONDICIONES DE ACCESO Y USO<\/h5>\r\n\r\n<p><strong>El sitio web<\/strong><\/p>\r\n\r\n<p>El objeto de las presentes Condiciones Generales de Uso es regular el acceso y la utilizaci\u00f3n del Sitio Web. Komaneca, SL se reserva la facultad de modificar, en cualquier momento y sin aviso previo, la presentaci\u00f3n y configuraci\u00f3n del Sitio Web, as\u00ed como los contenidos y servicios que en \u00e9l pudieran estar incorporados.<\/p>\r\n\r\n<p>El acceso al Sitio Web tiene car\u00e1cter libre y, por regla general, es gratuito, salvo el coste de conexi\u00f3n a trav\u00e9s de la red de telecomunicaciones del proveedor contratado por el Usuario. La utilizaci\u00f3n de determinados contenidos o servicios podr\u00e1 requerir suscripci\u00f3n o registro previo del Usuario.<\/p>\r\n\r\n<p><strong>Usuario<\/strong><\/p>\r\n\r\n<p>El acceso, la navegaci\u00f3n y uso del Sitio Web confiere la condici\u00f3n de Usuario, acept\u00e1ndose desde el inicio de la navegaci\u00f3n todas las condiciones aqu\u00ed establecidas.<\/p>\r\n\r\n<p>El Usuario se compromete a utilizar el Sitio Web de conformidad con la Ley, la moral, las buenas costumbres y el orden p\u00fablico, absteni\u00e9ndose de utilizarlo con fines il\u00edcitos o lesivos.<\/p>\r\n\r\n<p>Komaneca, SL se reserva el derecho a retirar comentarios o contenidos que vulneren la ley, la dignidad de las personas o el orden p\u00fablico.<\/p>\r\n\r\n<p>El Usuario declara ser mayor de edad y disponer de capacidad jur\u00eddica suficiente. Este Sitio Web no se dirige a menores de edad.<\/p>\r\n\r\n<p>El Sitio Web est\u00e1 dirigido principalmente a usuarios residentes en Espa\u00f1a. El acceso desde otros pa\u00edses se realiza bajo la responsabilidad del Usuario.<\/p>\r\n\r\n<h5 style=\"margin-top:40px;font-weight:bold;\">3) PROPIEDAD INTELECTUAL<\/h5>\r\n\r\n<p>En caso de considerar vulnerados derechos de propiedad intelectual, el interesado deber\u00e1 notificarlo a Komaneca, SL indicando:<\/p>\r\n\r\n<ul>\r\n<li>Datos del titular de los derechos presuntamente infringidos<\/li>\r\n<li>Identificaci\u00f3n de los contenidos protegidos y su ubicaci\u00f3n<\/li>\r\n<li>Acreditaci\u00f3n de la titularidad de los derechos<\/li>\r\n<li>Declaraci\u00f3n de veracidad de la informaci\u00f3n facilitada<\/li>\r\n<\/ul>\r\n\r\n<p>La marca Komaneca, SL y su identidad gr\u00e1fica son marcas registradas. Queda prohibido su uso sin autorizaci\u00f3n expresa.<\/p>\r\n\r\n<h5 style=\"margin-top:40px;font-weight:bold;\">4) EXCLUSI\u00d3N DE RESPONSABILIDAD<\/h5>\r\n\r\n<p>Komaneca, SL no garantiza la exactitud ni la actualizaci\u00f3n permanente de los contenidos del sitio web, reserv\u00e1ndose el derecho a modificarlos en cualquier momento.<\/p>\r\n\r\n<p>No se hace responsable de la informaci\u00f3n obtenida a trav\u00e9s de enlaces externos incluidos en el sitio web.<\/p>\r\n\r\n<h5 style=\"margin-top:40px;font-weight:bold;\">5) POL\u00cdTICA DE INFORMACI\u00d3N Y PUBLICIDAD COMERCIAL<\/h5>\r\n\r\n<p>Komaneca, SL se compromete a no realizar publicidad enga\u00f1osa.<\/p>\r\n\r\n<p>Los errores formales o num\u00e9ricos que puedan aparecer ser\u00e1n corregidos tan pronto como se tenga conocimiento de los mismos.<\/p>\r\n\r\n<p>No se enviar\u00e1n comunicaciones comerciales sin identificarlas como tales, conforme a la Ley 34\/2002.<\/p>\r\n\r\n<p>Para dejar de recibir comunicaciones comerciales, el Usuario podr\u00e1 solicitar la baja enviando un correo indicando en el asunto <strong>BAJA COMUNICACIONES<\/strong>.<\/p>\r\n\r\n<h5 style=\"margin-top:40px;font-weight:bold;\">6) POL\u00cdTICA DE ENLACES<\/h5>\r\n\r\n<p>El establecimiento de un hiperv\u00ednculo no implica relaci\u00f3n alguna entre Komaneca, SL y el titular del sitio web desde el cual se realice.<\/p>\r\n\r\n<p>No se permite la reproducci\u00f3n total o parcial de los contenidos del Sitio Web sin autorizaci\u00f3n expresa.<\/p>\r\n\r\n<h5 style=\"margin-top:40px;font-weight:bold;\">7) REDES SOCIALES<\/h5>\r\n\r\n<p>Komaneca, SL puede tener presencia en redes sociales. El tratamiento de los datos de los seguidores se regir\u00e1 por este Aviso Legal y por las pol\u00edticas propias de cada red social.<\/p>\r\n\r\n<h5 style=\"margin-top:40px;font-weight:bold;\">8) JURISDICCI\u00d3N Y LEYES APLICABLES<\/h5>\r\n\r\n<p>El presente Aviso Legal se rige por la legislaci\u00f3n espa\u00f1ola.<\/p>\r\n\r\n<p>El uso del Sitio Web implica la aceptaci\u00f3n plena de estos t\u00e9rminos.<\/p>\r\n\r\n<p><strong>\u00daltima actualizaci\u00f3n:<\/strong> 15\/07\/25<\/p>\t\t\t\t<\/div>\n\t\t\t\t\t<\/div>\n\t\t\t\t<\/div>\n\t\t\t\t<\/div>\n\t\t","protected":false},"excerpt":{"rendered":"<p>Aviso Legal En cumplimiento del art\u00edculo 10 de la Ley 34\/2002, de 11 de julio, de Servicios de la Sociedad de la Informaci\u00f3n y Comercio Electr\u00f3nico, se exponen los datos identificativos del Titular: Web: https:\/\/komaneca.com\/ Titular: Komaneca, SL Domicilio: C\/Balmes 191, 6\u00ba 1\u00ba, 08006 Barcelona C.I.F.: B21790761 Correo electr\u00f3nico: dpd@komaneca.com This page explains how NextSaaS [&hellip;]<\/p>\n","protected":false},"author":1,"featured_media":0,"parent":0,"menu_order":0,"comment_status":"closed","ping_status":"closed","template":"","meta":{"footnotes":""},"class_list":["post-39503","page","type-page","status-publish","hentry"],"_links":{"self":[{"href":"https:\/\/ainbas.com\/index.php?rest_route=\/wp\/v2\/pages\/39503","targetHints":{"allow":["GET"]}}],"collection":[{"href":"https:\/\/ainbas.com\/index.php?rest_route=\/wp\/v2\/pages"}],"about":[{"href":"https:\/\/ainbas.com\/index.php?rest_route=\/wp\/v2\/types\/page"}],"author":[{"embeddable":true,"href":"https:\/\/ainbas.com\/index.php?rest_route=\/wp\/v2\/users\/1"}],"replies":[{"embeddable":true,"href":"https:\/\/ainbas.com\/index.php?rest_route=%2Fwp%2Fv2%2Fcomments&post=39503"}],"version-history":[{"count":4,"href":"https:\/\/ainbas.com\/index.php?rest_route=\/wp\/v2\/pages\/39503\/revisions"}],"predecessor-version":[{"id":39507,"href":"https:\/\/ainbas.com\/index.php?rest_route=\/wp\/v2\/pages\/39503\/revisions\/39507"}],"wp:attachment":[{"href":"https:\/\/ainbas.com\/index.php?rest_route=%2Fwp%2Fv2%2Fmedia&parent=39503"}],"curies":[{"name":"wp","href":"https:\/\/api.w.org\/{rel}","templated":true}]}}